{"id":830,"date":"2024-09-11T11:35:57","date_gmt":"2024-09-11T14:35:57","guid":{"rendered":"https:\/\/almaalquimica.com\/?page_id=830"},"modified":"2024-09-11T12:48:03","modified_gmt":"2024-09-11T15:48:03","slug":"laboratorio-corporal-corpo-em-reza","status":"publish","type":"page","link":"https:\/\/almaalquimica.com\/index.php\/laboratorio-corporal-corpo-em-reza\/","title":{"rendered":"Laborat\u00f3rio Corporal &#8211; Corpo em Reza"},"content":{"rendered":"\t\t<div data-elementor-type=\"wp-page\" data-elementor-id=\"830\" class=\"elementor elementor-830\" data-elementor-post-type=\"page\">\n\t\t\t\t<div class=\"elementor-element elementor-element-47a8853c e-con-full e-flex e-con e-parent\" data-id=\"47a8853c\" data-element_type=\"container\">\n\t\t<div class=\"elementor-element elementor-element-17565af1 e-con-full e-flex e-con e-child\" data-id=\"17565af1\" data-element_type=\"container\" data-settings=\"{&quot;background_background&quot;:&quot;classic&quot;}\">\n\t\t\t\t<\/div>\n\t\t<div class=\"elementor-element elementor-element-8734fb e-con-full e-flex e-con e-child\" data-id=\"8734fb\" data-element_type=\"container\">\n\t\t\t\t<div class=\"elementor-element elementor-element-12836e92 elementor-widget elementor-widget-heading\" data-id=\"12836e92\" data-element_type=\"widget\" data-widget_type=\"heading.default\">\n\t\t\t\t<div class=\"elementor-widget-container\">\n\t\t\t<style>\/*! elementor - v3.21.0 - 30-04-2024 *\/\n.elementor-heading-title{padding:0;margin:0;line-height:1}.elementor-widget-heading .elementor-heading-title[class*=elementor-size-]>a{color:inherit;font-size:inherit;line-height:inherit}.elementor-widget-heading .elementor-heading-title.elementor-size-small{font-size:15px}.elementor-widget-heading .elementor-heading-title.elementor-size-medium{font-size:19px}.elementor-widget-heading .elementor-heading-title.elementor-size-large{font-size:29px}.elementor-widget-heading .elementor-heading-title.elementor-size-xl{font-size:39px}.elementor-widget-heading .elementor-heading-title.elementor-size-xxl{font-size:59px}<\/style><h6 class=\"elementor-heading-title elementor-size-default\">Corpo em reza<\/h6>\t\t<\/div>\n\t\t\t\t<\/div>\n\t\t\t\t<div class=\"elementor-element elementor-element-3fd0410 elementor-widget elementor-widget-heading\" data-id=\"3fd0410\" data-element_type=\"widget\" data-widget_type=\"heading.default\">\n\t\t\t\t<div class=\"elementor-widget-container\">\n\t\t\t<h6 class=\"elementor-heading-title elementor-size-default\">Viv\u00eancia Online GRATUITA<\/h6>\t\t<\/div>\n\t\t\t\t<\/div>\n\t\t\t\t<div class=\"elementor-element elementor-element-662ba29b elementor-invisible elementor-widget elementor-widget-text-editor\" data-id=\"662ba29b\" data-element_type=\"widget\" data-settings=\"{&quot;_animation&quot;:&quot;fadeIn&quot;,&quot;_animation_delay&quot;:400}\" data-widget_type=\"text-editor.default\">\n\t\t\t\t<div class=\"elementor-widget-container\">\n\t\t\t<style>\/*! elementor - v3.21.0 - 30-04-2024 *\/\n.elementor-widget-text-editor.elementor-drop-cap-view-stacked .elementor-drop-cap{background-color:#69727d;color:#fff}.elementor-widget-text-editor.elementor-drop-cap-view-framed .elementor-drop-cap{color:#69727d;border:3px solid;background-color:transparent}.elementor-widget-text-editor:not(.elementor-drop-cap-view-default) .elementor-drop-cap{margin-top:8px}.elementor-widget-text-editor:not(.elementor-drop-cap-view-default) .elementor-drop-cap-letter{width:1em;height:1em}.elementor-widget-text-editor .elementor-drop-cap{float:left;text-align:center;line-height:1;font-size:50px}.elementor-widget-text-editor .elementor-drop-cap-letter{display:inline-block}<\/style>\t\t\t\t<p><span class=\"OYPEnA font-feature-liga-off font-feature-clig-off font-feature-calt-off text-decoration-none text-strikethrough-none\">Ative sua LIBIDO, desperte sua CONSCI\u00caNCIA P\u00c9LVICA, retome a sua SENSUALIDADE<\/span> <span class=\"OYPEnA font-feature-liga-off font-feature-clig-off font-feature-calt-off text-decoration-none text-strikethrough-none\">e AUTO CONFIAN\u00c7A, liberte-se das mem\u00f3rias de dor, traumas, emo\u00e7\u00f5es reprimidas, atrav\u00e9s do LABORAT\u00d3RIO CORPORAL- um AUTO ESTUDO GUIADO do corpo atrav\u00e9s da DAN\u00c7A.<\/span><\/p><p><span style=\"font-weight: 400;\">O Laborat\u00f3rio Corporal nasce como um auto estudo profundo de nosso corpo atrav\u00e9s da dan\u00e7a.\u00a0\u00a0<\/span><\/p><p><span style=\"font-weight: 400;\">Com pr\u00e1ticas que nos permite experienciar o \u00eaxtase da nossa energia vital sendo trabalhada com movimentos que nos trazem o foco do DESPERTAR, do PRAZER, da SEXUALIDADE e SENSUALIDADE feminina.<\/span><\/p><p><span style=\"font-weight: 400;\">Este trabalho traz como prop\u00f3sito, reacender nossa CHAMA de vida, nossa FOR\u00c7A VITAL, nossa PAIX\u00c3O pela vida, atrav\u00e9s dessa pr\u00e1tica t\u00e3o antiga e poderosa que \u00e9 a DAN\u00c7A, <\/span><span style=\"font-weight: 400;\">o simples FLUIR do corpo, o MOVIMENTO, o DESPERTAR p\u00e9lvico, nos levando \u00e0 novas percep\u00e7\u00f5es sobre n\u00f3s mesmas, sobre nosso SENTIR.<\/span><\/p><p><span style=\"font-weight: 400;\">Atrav\u00e9s deste auto estudo corporal nos reconectamos com o nosso eu mais selvagem, primitivo, ainda cru, sem bloqueios, totalmente nu.\u00a0<\/span><\/p><p><span style=\"font-weight: 400;\">Atrav\u00e9s de cada movimento, estamos permitindo ao nosso corpo e \u00e0 nossa mente liberar traumas j\u00e1 h\u00e1 muito tempo enraizados, emo\u00e7\u00f5es reprimidas, medos e dores que nos impedem de fluir com a vida.<\/span><\/p>\t\t\t\t\t\t<\/div>\n\t\t\t\t<\/div>\n\t\t\t\t<div class=\"elementor-element elementor-element-1331c0a elementor-mobile-align-center elementor-widget elementor-widget-button\" data-id=\"1331c0a\" data-element_type=\"widget\" data-widget_type=\"button.default\">\n\t\t\t\t<div class=\"elementor-widget-container\">\n\t\t\t\t\t<div class=\"elementor-button-wrapper\">\n\t\t\t<a class=\"elementor-button elementor-button-link elementor-size-sm\" href=\"https:\/\/chat.whatsapp.com\/Io9u3qvVJoHAt1VggzcAKi\">\n\t\t\t\t\t\t<span class=\"elementor-button-content-wrapper\">\n\t\t\t\t\t\t\t\t\t<span class=\"elementor-button-text\">QUERO FAZER PARTE!<\/span>\n\t\t\t\t\t<\/span>\n\t\t\t\t\t<\/a>\n\t\t<\/div>\n\t\t\t\t<\/div>\n\t\t\t\t<\/div>\n\t\t\t\t<\/div>\n\t\t\t\t<\/div>\n\t\t<div class=\"elementor-element elementor-element-243b162b e-con-full e-flex e-con e-parent\" data-id=\"243b162b\" data-element_type=\"container\">\n\t\t<div class=\"elementor-element elementor-element-46fd6c19 e-con-full e-flex e-con e-child\" data-id=\"46fd6c19\" data-element_type=\"container\">\n\t\t\t\t<div class=\"elementor-element elementor-element-4823926 elementor-widget elementor-widget-heading\" data-id=\"4823926\" data-element_type=\"widget\" data-widget_type=\"heading.default\">\n\t\t\t\t<div class=\"elementor-widget-container\">\n\t\t\t<h6 class=\"elementor-heading-title elementor-size-default\">PR\u00c1TICAS LABORAT\u00d3RIO CORPORAL<\/h6>\t\t<\/div>\n\t\t\t\t<\/div>\n\t\t\t\t<div class=\"elementor-element elementor-element-642346c5 elementor-widget elementor-widget-heading\" data-id=\"642346c5\" data-element_type=\"widget\" data-widget_type=\"heading.default\">\n\t\t\t\t<div class=\"elementor-widget-container\">\n\t\t\t<h4 class=\"elementor-heading-title elementor-size-default\">BENEF\u00cdCIOS<\/h4>\t\t<\/div>\n\t\t\t\t<\/div>\n\t\t\t\t<div class=\"elementor-element elementor-element-14575f6a elementor-widget__width-initial elementor-widget-mobile__width-inherit elementor-widget elementor-widget-text-editor\" data-id=\"14575f6a\" data-element_type=\"widget\" data-widget_type=\"text-editor.default\">\n\t\t\t\t<div class=\"elementor-widget-container\">\n\t\t\t\t\t\t\t<div class=\"flex max-w-full flex-col flex-grow\"><div class=\"min-h-[20px] text-message flex w-full flex-col items-end gap-2 whitespace-normal break-words [.text-message+&amp;]:mt-5\" dir=\"auto\" data-message-author-role=\"assistant\" data-message-id=\"16f89794-5004-4418-8c01-5a93cbd44f29\"><div class=\"flex w-full flex-col gap-1 empty:hidden first:pt-[3px]\"><div class=\"markdown prose w-full break-words dark:prose-invert light\"><p>Este trabalho tem como prop\u00f3sito reacender nossa chama interior, nossa for\u00e7a vital e nossa paix\u00e3o pela vida, por meio de uma pr\u00e1tica ancestral e poderosa: a dan\u00e7a.<\/p><p>O Laborat\u00f3rio Corpo em Reza oferece benef\u00edcios transformadores, como:<\/p><ul><li>ativa\u00e7\u00e3o da libido;<\/li><li>amplia\u00e7\u00e3o da consci\u00eancia corporal, especialmente da p\u00e9lvis e do poder dos quadris;<\/li><li>cura de mem\u00f3rias de dor atrav\u00e9s de movimentos que guiam o corpo ao prazer;<\/li><li>conex\u00e3o com a sexualidade sagrada;<\/li><li>resgate da sensualidade como fonte de fortalecimento do amor-pr\u00f3prio e autoconfian\u00e7a.<\/li><\/ul><p>\u00a0<\/p><p>Ao integrar essas pr\u00e1ticas \u00e0 nossa rotina, promovemos curas profundas em nosso corpo, liberando dores que carregamos de mem\u00f3rias ancestrais e experi\u00eancias passadas, que gradualmente enfraqueceram nossa conex\u00e3o com o corpo e, sobretudo, com a sexualidade e o prazer de viver plenamente.<\/p><p>Com a ativa\u00e7\u00e3o da libido, do nosso fogo vital e da nossa energia, tamb\u00e9m curamos nossos campos emocionais e energ\u00e9ticos, muitas vezes estagnados, que nos impedem de movimentar nossos sonhos e cria\u00e7\u00f5es com entusiasmo e disposi\u00e7\u00e3o.<\/p><p>Ao explorar esse territ\u00f3rio do corpo com mais consci\u00eancia, permitimos que ele seja honrado, reverenciado e amado por n\u00f3s mesmas.<\/p><p>Com esse processo de transforma\u00e7\u00e3o, vemos nossas vidas florescerem em alegria, \u00e2nimo e inspira\u00e7\u00e3o. Ganhamos disposi\u00e7\u00e3o para criar, para vivenciar nossa sexualidade de forma consciente e nos reconhecemos em nossa pot\u00eancia feminina e org\u00e1stica, uma for\u00e7a que nos permite criar e magnetizar nossos sonhos e desejos com leveza e prazer.<\/p><\/div><\/div><\/div><\/div>\t\t\t\t\t\t<\/div>\n\t\t\t\t<\/div>\n\t\t\t\t<div class=\"elementor-element elementor-element-67f6439 elementor-widget elementor-widget-button\" data-id=\"67f6439\" data-element_type=\"widget\" data-widget_type=\"button.default\">\n\t\t\t\t<div class=\"elementor-widget-container\">\n\t\t\t\t\t<div class=\"elementor-button-wrapper\">\n\t\t\t<a class=\"elementor-button elementor-button-link elementor-size-sm\" href=\"https:\/\/chat.whatsapp.com\/Io9u3qvVJoHAt1VggzcAKi\">\n\t\t\t\t\t\t<span class=\"elementor-button-content-wrapper\">\n\t\t\t\t\t\t\t\t\t<span class=\"elementor-button-text\">QUERO FAZER PARTE!<\/span>\n\t\t\t\t\t<\/span>\n\t\t\t\t\t<\/a>\n\t\t<\/div>\n\t\t\t\t<\/div>\n\t\t\t\t<\/div>\n\t\t\t\t<\/div>\n\t\t\t\t<\/div>\n\t\t<div class=\"elementor-element elementor-element-46b62d8 e-con-full e-flex e-con e-parent\" data-id=\"46b62d8\" data-element_type=\"container\">\n\t\t<div class=\"elementor-element elementor-element-b5a9353 e-con-full e-flex e-con e-child\" data-id=\"b5a9353\" data-element_type=\"container\" data-settings=\"{&quot;background_background&quot;:&quot;classic&quot;}\">\n\t\t\t\t<\/div>\n\t\t<div class=\"elementor-element elementor-element-e1a4642 e-con-full e-flex e-con e-child\" data-id=\"e1a4642\" data-element_type=\"container\">\n\t\t\t\t<div class=\"elementor-element elementor-element-d962ad1 elementor-widget elementor-widget-heading\" data-id=\"d962ad1\" data-element_type=\"widget\" data-widget_type=\"heading.default\">\n\t\t\t\t<div class=\"elementor-widget-container\">\n\t\t\t<h6 class=\"elementor-heading-title elementor-size-default\">SOBRE A FACILITADORA<\/h6>\t\t<\/div>\n\t\t\t\t<\/div>\n\t\t\t\t<div class=\"elementor-element elementor-element-8a19096 elementor-widget elementor-widget-heading\" data-id=\"8a19096\" data-element_type=\"widget\" data-widget_type=\"heading.default\">\n\t\t\t\t<div class=\"elementor-widget-container\">\n\t\t\t<h6 class=\"elementor-heading-title elementor-size-default\">Paula Pereira<\/h6>\t\t<\/div>\n\t\t\t\t<\/div>\n\t\t\t\t<div class=\"elementor-element elementor-element-2a811ef elementor-invisible elementor-widget elementor-widget-text-editor\" data-id=\"2a811ef\" data-element_type=\"widget\" data-settings=\"{&quot;_animation&quot;:&quot;fadeIn&quot;,&quot;_animation_delay&quot;:400}\" data-widget_type=\"text-editor.default\">\n\t\t\t\t<div class=\"elementor-widget-container\">\n\t\t\t\t\t\t\t<p>Paula Pereira \u00e9 MULHER, M\u00c3E, e vem se dedicando h\u00e1 mais de 10 anos ao caminho do autoconhecimento atrav\u00e9s do seu servir, trabalhando com diversas terapias.<\/p><p><br \/>&#8220;A maternidade chegou de forma avassaladora em minha vida, muitas mortes e renascimentos, e com isso, um chamado grande pra reestruturar o meu servir.&#8221;<\/p><p><br \/>Assim, nasceu o Corpo em Reza, um trabalho voltado pro estudo do nosso CORPO atrav\u00e9s da DAN\u00c7A, nos guiando a nos reconectar com o PRAZER, a nossa SEXUALIDADE e SENSUALIDADE. <br \/>Unindo tamb\u00e9m saberes e medicinas ancestrais auxiliando nesse mergulho corpo a dentro.<\/p>\t\t\t\t\t\t<\/div>\n\t\t\t\t<\/div>\n\t\t\t\t<div class=\"elementor-element elementor-element-8d02129 elementor-mobile-align-center elementor-widget elementor-widget-button\" data-id=\"8d02129\" data-element_type=\"widget\" data-widget_type=\"button.default\">\n\t\t\t\t<div class=\"elementor-widget-container\">\n\t\t\t\t\t<div class=\"elementor-button-wrapper\">\n\t\t\t<a class=\"elementor-button elementor-button-link elementor-size-sm\" href=\"https:\/\/wa.me\/5573999713958?text=Oi%20Paula!%20Gostaria%20de%20mais%20informa%C3%A7%C3%B5es%20sobre%20o%20Laboratorio%20Corporal%20do%20Corpo%20em%20Reza\">\n\t\t\t\t\t\t<span class=\"elementor-button-content-wrapper\">\n\t\t\t\t\t\t\t\t\t<span class=\"elementor-button-text\">Saiba Mais<\/span>\n\t\t\t\t\t<\/span>\n\t\t\t\t\t<\/a>\n\t\t<\/div>\n\t\t\t\t<\/div>\n\t\t\t\t<\/div>\n\t\t\t\t<\/div>\n\t\t\t\t<\/div>\n\t\t<div class=\"elementor-element elementor-element-57a4f6d e-flex e-con-boxed e-con e-parent\" data-id=\"57a4f6d\" data-element_type=\"container\">\n\t\t\t\t\t<div class=\"e-con-inner\">\n\t\t\t\t<div class=\"elementor-element elementor-element-8aa713c elementor-widget elementor-widget-heading\" data-id=\"8aa713c\" data-element_type=\"widget\" data-widget_type=\"heading.default\">\n\t\t\t\t<div class=\"elementor-widget-container\">\n\t\t\t<h2 class=\"elementor-heading-title elementor-size-default\">\ud81a\udd13<\/h2>\t\t<\/div>\n\t\t\t\t<\/div>\n\t\t\t\t\t<\/div>\n\t\t\t\t<\/div>\n\t\t\t\t<\/div>\n\t\t","protected":false},"excerpt":{"rendered":"<p>Corpo em reza Viv\u00eancia Online GRATUITA Ative sua LIBIDO, desperte sua CONSCI\u00caNCIA P\u00c9LVICA, retome a sua SENSUALIDADE e AUTO CONFIAN\u00c7A, liberte-se das mem\u00f3rias de dor, traumas, emo\u00e7\u00f5es reprimidas, atrav\u00e9s do LABORAT\u00d3RIO CORPORAL- um AUTO ESTUDO GUIADO do corpo atrav\u00e9s da DAN\u00c7A. O Laborat\u00f3rio Corporal nasce como um auto estudo profundo de nosso corpo atrav\u00e9s da [&hellip;]<\/p>\n","protected":false},"author":1,"featured_media":375,"parent":0,"menu_order":0,"comment_status":"closed","ping_status":"closed","template":"elementor_header_footer","meta":{"_eb_attr":"","footnotes":""},"_links":{"self":[{"href":"https:\/\/almaalquimica.com\/index.php\/wp-json\/wp\/v2\/pages\/830"}],"collection":[{"href":"https:\/\/almaalquimica.com\/index.php\/wp-json\/wp\/v2\/pages"}],"about":[{"href":"https:\/\/almaalquimica.com\/index.php\/wp-json\/wp\/v2\/types\/page"}],"author":[{"embeddable":true,"href":"https:\/\/almaalquimica.com\/index.php\/wp-json\/wp\/v2\/users\/1"}],"replies":[{"embeddable":true,"href":"https:\/\/almaalquimica.com\/index.php\/wp-json\/wp\/v2\/comments?post=830"}],"version-history":[{"count":40,"href":"https:\/\/almaalquimica.com\/index.php\/wp-json\/wp\/v2\/pages\/830\/revisions"}],"predecessor-version":[{"id":892,"href":"https:\/\/almaalquimica.com\/index.php\/wp-json\/wp\/v2\/pages\/830\/revisions\/892"}],"wp:featuredmedia":[{"embeddable":true,"href":"https:\/\/almaalquimica.com\/index.php\/wp-json\/wp\/v2\/media\/375"}],"wp:attachment":[{"href":"https:\/\/almaalquimica.com\/index.php\/wp-json\/wp\/v2\/media?parent=830"}],"curies":[{"name":"wp","href":"https:\/\/api.w.org\/{rel}","templated":true}]}}