{"id":784,"date":"2024-09-11T09:07:35","date_gmt":"2024-09-11T12:07:35","guid":{"rendered":"https:\/\/almaalquimica.com\/?page_id=784"},"modified":"2024-09-11T12:28:03","modified_gmt":"2024-09-11T15:28:03","slug":"corpo-em-reza","status":"publish","type":"page","link":"https:\/\/almaalquimica.com\/index.php\/corpo-em-reza\/","title":{"rendered":"Corpo em Reza"},"content":{"rendered":"\t\t<div data-elementor-type=\"wp-page\" data-elementor-id=\"784\" class=\"elementor elementor-784\" data-elementor-post-type=\"page\">\n\t\t\t\t<div class=\"elementor-element elementor-element-47a8853c e-con-full e-flex e-con e-parent\" data-id=\"47a8853c\" data-element_type=\"container\">\n\t\t<div class=\"elementor-element elementor-element-17565af1 e-con-full e-flex e-con e-child\" data-id=\"17565af1\" data-element_type=\"container\" data-settings=\"{&quot;background_background&quot;:&quot;classic&quot;}\">\n\t\t\t\t<\/div>\n\t\t<div class=\"elementor-element elementor-element-8734fb e-con-full e-flex e-con e-child\" data-id=\"8734fb\" data-element_type=\"container\">\n\t\t\t\t<div class=\"elementor-element elementor-element-12836e92 elementor-widget elementor-widget-heading\" data-id=\"12836e92\" data-element_type=\"widget\" data-widget_type=\"heading.default\">\n\t\t\t\t<div class=\"elementor-widget-container\">\n\t\t\t<style>\/*! elementor - v3.21.0 - 30-04-2024 *\/\n.elementor-heading-title{padding:0;margin:0;line-height:1}.elementor-widget-heading .elementor-heading-title[class*=elementor-size-]>a{color:inherit;font-size:inherit;line-height:inherit}.elementor-widget-heading .elementor-heading-title.elementor-size-small{font-size:15px}.elementor-widget-heading .elementor-heading-title.elementor-size-medium{font-size:19px}.elementor-widget-heading .elementor-heading-title.elementor-size-large{font-size:29px}.elementor-widget-heading .elementor-heading-title.elementor-size-xl{font-size:39px}.elementor-widget-heading .elementor-heading-title.elementor-size-xxl{font-size:59px}<\/style><h6 class=\"elementor-heading-title elementor-size-default\">Um Manifesto de nossos corpos<\/h6>\t\t<\/div>\n\t\t\t\t<\/div>\n\t\t\t\t<div class=\"elementor-element elementor-element-3fd0410 elementor-widget elementor-widget-heading\" data-id=\"3fd0410\" data-element_type=\"widget\" data-widget_type=\"heading.default\">\n\t\t\t\t<div class=\"elementor-widget-container\">\n\t\t\t<h6 class=\"elementor-heading-title elementor-size-default\">Corpo em Reza<\/h6>\t\t<\/div>\n\t\t\t\t<\/div>\n\t\t\t\t<div class=\"elementor-element elementor-element-662ba29b elementor-invisible elementor-widget elementor-widget-text-editor\" data-id=\"662ba29b\" data-element_type=\"widget\" data-settings=\"{&quot;_animation&quot;:&quot;fadeIn&quot;,&quot;_animation_delay&quot;:400}\" data-widget_type=\"text-editor.default\">\n\t\t\t\t<div class=\"elementor-widget-container\">\n\t\t\t<style>\/*! elementor - v3.21.0 - 30-04-2024 *\/\n.elementor-widget-text-editor.elementor-drop-cap-view-stacked .elementor-drop-cap{background-color:#69727d;color:#fff}.elementor-widget-text-editor.elementor-drop-cap-view-framed .elementor-drop-cap{color:#69727d;border:3px solid;background-color:transparent}.elementor-widget-text-editor:not(.elementor-drop-cap-view-default) .elementor-drop-cap{margin-top:8px}.elementor-widget-text-editor:not(.elementor-drop-cap-view-default) .elementor-drop-cap-letter{width:1em;height:1em}.elementor-widget-text-editor .elementor-drop-cap{float:left;text-align:center;line-height:1;font-size:50px}.elementor-widget-text-editor .elementor-drop-cap-letter{display:inline-block}<\/style>\t\t\t\t<p><span style=\"font-weight: 400;\">O Corpo em Reza \u00e9 um manifesto de nossos corpos e nossas inten\u00e7\u00f5es, no retorno ao prazer, \u00e0 sexualidade, ao gozo, ao desfrute da vida!<\/span><\/p><p><span style=\"font-weight: 400;\">O Corpo em Reza nasce pra invocar nossa for\u00e7a selvagem, feminina, sagrada, nossa puls\u00e3o de vida, nossa vitalidade!\u00a0<\/span><\/p><p><span style=\"font-weight: 400;\">O Corpo em Reza \u00e9 uma Oferenda de amor ao movimento, aos nossos desejos mais profundos sendo vividos e desfrutados atrav\u00e9s do nosso corpo templo com alegria e beleza!<\/span><\/p><p><span style=\"font-weight: 400;\">O Corpo em Reza veio para dar vida aos sonhos soterrados de nossas ancestrais, \u00e0 vida dura, dif\u00edcil, \u00e0 maternidade insana sendo transformada em prazer atrav\u00e9s do chacoalhar de nossos cora\u00e7\u00f5es pulsando ao mundo, e o serpentear de nossos quadris livres e conectados com quem verdadeiramente somos!<\/span><\/p><p><span style=\"font-weight: 400;\">O Corpo em Reza \u00e9 magia! \u00c9 rezo ancestral!<\/span><\/p><p><span style=\"font-weight: 400;\">\u00c9 a integra\u00e7\u00e3o de nosso esp\u00edrito em nosso Corpo honrando a sagrada uni\u00e3o de nossas polaridades e os saberes do C\u00e9u e da Terra!\u00a0<\/span><\/p><p><span style=\"font-weight: 400;\">\u00c9 o desfrute dessa vida, que a tudo magnetiza sem esfor\u00e7o, desfrutando dessa caminhada da vida.<\/span><\/p>\t\t\t\t\t\t<\/div>\n\t\t\t\t<\/div>\n\t\t\t\t<\/div>\n\t\t\t\t<\/div>\n\t\t<div class=\"elementor-element elementor-element-243b162b e-con-full e-flex e-con e-parent\" data-id=\"243b162b\" data-element_type=\"container\">\n\t\t<div class=\"elementor-element elementor-element-46fd6c19 e-con-full e-flex e-con e-child\" data-id=\"46fd6c19\" data-element_type=\"container\">\n\t\t\t\t<div class=\"elementor-element elementor-element-4823926 elementor-widget elementor-widget-heading\" data-id=\"4823926\" data-element_type=\"widget\" data-widget_type=\"heading.default\">\n\t\t\t\t<div class=\"elementor-widget-container\">\n\t\t\t<h6 class=\"elementor-heading-title elementor-size-default\">o retorno dos saberes ancestrais<\/h6>\t\t<\/div>\n\t\t\t\t<\/div>\n\t\t\t\t<div class=\"elementor-element elementor-element-642346c5 elementor-widget elementor-widget-heading\" data-id=\"642346c5\" data-element_type=\"widget\" data-widget_type=\"heading.default\">\n\t\t\t\t<div class=\"elementor-widget-container\">\n\t\t\t<h4 class=\"elementor-heading-title elementor-size-default\">PROP\u00d3SITO<\/h4>\t\t<\/div>\n\t\t\t\t<\/div>\n\t\t\t\t<div class=\"elementor-element elementor-element-14575f6a elementor-widget__width-initial elementor-widget-mobile__width-inherit elementor-widget elementor-widget-text-editor\" data-id=\"14575f6a\" data-element_type=\"widget\" data-widget_type=\"text-editor.default\">\n\t\t\t\t<div class=\"elementor-widget-container\">\n\t\t\t\t\t\t\t<p><span style=\"font-weight: 400;\">O Corpo em Reza traz a uni\u00e3o de saberes ancestrais atrav\u00e9s da dan\u00e7a, habitando esse tempo espa\u00e7o com prazer, alegria, desfrute e gozo.\u00a0<\/span><\/p><p><span style=\"font-weight: 400;\">O foco deste trabalho \u00e9 no resgate do prazer, da sexualidade e da sensualidade feminina, utilizando a dan\u00e7a como ferramenta para nos relembrar da pot\u00eancia que somos, nos trazer de volta ao nosso lugar de poder, e cocriar nossa vida e nossos sonhos dan\u00e7ando, celebrando e rezando!\u00a0<\/span><\/p><p><span style=\"font-weight: 400;\">Junte-se a n\u00f3s, e venha voc\u00ea tamb\u00e9m despertar essa chama, essa magia, esse gozo que pulsa em ti Mulher, e faz teu Cora\u00e7\u00e3o vibrar reconhecendo o teu caminho e a tua medicina \u00fanica, que somente VOC\u00ca \u00e9 capaz de manifest\u00e1-la.<\/span><\/p>\t\t\t\t\t\t<\/div>\n\t\t\t\t<\/div>\n\t\t\t\t<div class=\"elementor-element elementor-element-67f6439 elementor-widget elementor-widget-button\" data-id=\"67f6439\" data-element_type=\"widget\" data-widget_type=\"button.default\">\n\t\t\t\t<div class=\"elementor-widget-container\">\n\t\t\t\t\t<div class=\"elementor-button-wrapper\">\n\t\t\t<a class=\"elementor-button elementor-button-link elementor-size-sm\" href=\"https:\/\/chat.whatsapp.com\/Io9u3qvVJoHAt1VggzcAKi\">\n\t\t\t\t\t\t<span class=\"elementor-button-content-wrapper\">\n\t\t\t\t\t\t\t\t\t<span class=\"elementor-button-text\">QUERO FAZER PARTE!<\/span>\n\t\t\t\t\t<\/span>\n\t\t\t\t\t<\/a>\n\t\t<\/div>\n\t\t\t\t<\/div>\n\t\t\t\t<\/div>\n\t\t\t\t<\/div>\n\t\t<div class=\"elementor-element elementor-element-e1c9ce9 e-con-full e-flex e-con e-child\" data-id=\"e1c9ce9\" data-element_type=\"container\" data-settings=\"{&quot;background_background&quot;:&quot;classic&quot;}\">\n\t\t\t\t<div class=\"elementor-element elementor-element-1105a178 elementor-widget__width-initial elementor-hidden-mobile elementor-widget elementor-widget-image\" data-id=\"1105a178\" data-element_type=\"widget\" data-widget_type=\"image.default\">\n\t\t\t\t<div class=\"elementor-widget-container\">\n\t\t\t<style>\/*! elementor - v3.21.0 - 30-04-2024 *\/\n.elementor-widget-image{text-align:center}.elementor-widget-image a{display:inline-block}.elementor-widget-image a img[src$=\".svg\"]{width:48px}.elementor-widget-image img{vertical-align:middle;display:inline-block}<\/style>\t\t\t\t\t\t\t\t\t\t<img fetchpriority=\"high\" decoding=\"async\" width=\"597\" height=\"1071\" src=\"https:\/\/almaalquimica.com\/wp-content\/uploads\/2024\/09\/corpoemreza10-e1726059142390.jpg\" class=\"attachment-full size-full wp-image-789\" alt=\"\" srcset=\"https:\/\/almaalquimica.com\/wp-content\/uploads\/2024\/09\/corpoemreza10-e1726059142390.jpg 597w, https:\/\/almaalquimica.com\/wp-content\/uploads\/2024\/09\/corpoemreza10-e1726059142390-167x300.jpg 167w, https:\/\/almaalquimica.com\/wp-content\/uploads\/2024\/09\/corpoemreza10-e1726059142390-571x1024.jpg 571w\" sizes=\"(max-width: 597px) 100vw, 597px\" \/>\t\t\t\t\t\t\t\t\t\t\t\t\t<\/div>\n\t\t\t\t<\/div>\n\t\t\t\t<div class=\"elementor-element elementor-element-56eb71d6 elementor-widget elementor-widget-image\" data-id=\"56eb71d6\" data-element_type=\"widget\" data-widget_type=\"image.default\">\n\t\t\t\t<div class=\"elementor-widget-container\">\n\t\t\t\t\t\t\t\t\t\t\t\t\t<img decoding=\"async\" width=\"768\" height=\"768\" src=\"https:\/\/almaalquimica.com\/wp-content\/uploads\/2024\/09\/corpoemreza8-768x768.jpg\" class=\"attachment-medium_large size-medium_large wp-image-788\" alt=\"\" srcset=\"https:\/\/almaalquimica.com\/wp-content\/uploads\/2024\/09\/corpoemreza8-768x768.jpg 768w, https:\/\/almaalquimica.com\/wp-content\/uploads\/2024\/09\/corpoemreza8-300x300.jpg 300w, https:\/\/almaalquimica.com\/wp-content\/uploads\/2024\/09\/corpoemreza8-1024x1024.jpg 1024w, https:\/\/almaalquimica.com\/wp-content\/uploads\/2024\/09\/corpoemreza8-150x150.jpg 150w, https:\/\/almaalquimica.com\/wp-content\/uploads\/2024\/09\/corpoemreza8-100x100.jpg 100w, https:\/\/almaalquimica.com\/wp-content\/uploads\/2024\/09\/corpoemreza8-600x600.jpg 600w, https:\/\/almaalquimica.com\/wp-content\/uploads\/2024\/09\/corpoemreza8.jpg 1080w\" sizes=\"(max-width: 768px) 100vw, 768px\" \/>\t\t\t\t\t\t\t\t\t\t\t\t\t<\/div>\n\t\t\t\t<\/div>\n\t\t\t\t<\/div>\n\t\t\t\t<\/div>\n\t\t<div class=\"elementor-element elementor-element-46490fc e-con-full e-flex e-con e-parent\" data-id=\"46490fc\" data-element_type=\"container\">\n\t\t<div class=\"elementor-element elementor-element-261fc05 e-con-full e-flex e-con e-child\" data-id=\"261fc05\" data-element_type=\"container\">\n\t\t\t\t<div class=\"elementor-element elementor-element-ed61ed1 elementor-widget elementor-widget-heading\" data-id=\"ed61ed1\" data-element_type=\"widget\" data-widget_type=\"heading.default\">\n\t\t\t\t<div class=\"elementor-widget-container\">\n\t\t\t<h6 class=\"elementor-heading-title elementor-size-default\">um auto estudo guiado do nosso corpo<\/h6>\t\t<\/div>\n\t\t\t\t<\/div>\n\t\t\t\t<div class=\"elementor-element elementor-element-6131cd5 elementor-widget elementor-widget-heading\" data-id=\"6131cd5\" data-element_type=\"widget\" data-widget_type=\"heading.default\">\n\t\t\t\t<div class=\"elementor-widget-container\">\n\t\t\t<h2 class=\"elementor-heading-title elementor-size-default\">Laborat\u00f3rio Corporal<\/h2>\t\t<\/div>\n\t\t\t\t<\/div>\n\t\t\t\t<div class=\"elementor-element elementor-element-2b3c574 elementor-widget__width-initial elementor-widget-mobile__width-inherit elementor-widget elementor-widget-text-editor\" data-id=\"2b3c574\" data-element_type=\"widget\" data-widget_type=\"text-editor.default\">\n\t\t\t\t<div class=\"elementor-widget-container\">\n\t\t\t\t\t\t\t<p><span style=\"font-weight: 400;\">O Laborat\u00f3rio Corporal nasce como um auto estudo profundo de nosso corpo atrav\u00e9s da dan\u00e7a.\u00a0\u00a0<\/span><\/p><p><span style=\"font-weight: 400;\">Com pr\u00e1ticas que nos permite experienciar o \u00eaxtase da nossa energia vital sendo trabalhada com movimentos que nos trazem o foco do DESPERTAR, do PRAZER, da SEXUALIDADE e SENSUALIDADE feminina.<\/span><\/p><p><span style=\"font-weight: 400;\">Trabalhamos na conex\u00e3o com os 4 elementos, sentindo a for\u00e7a e medicina \u00fanica de cada um em n\u00f3s, nos trazendo direcionamento em nossas a\u00e7\u00f5es e equil\u00edbrio nas nossas polaridades feminina e masculina.\u00a0<\/span><\/p><p><span style=\"font-weight: 400;\">Este trabalho traz como prop\u00f3sito, reacender nossa CHAMA de vida, nossa FOR\u00c7A VITAL, nossa PAIX\u00c3O pela vida, atrav\u00e9s dessa pr\u00e1tica t\u00e3o antiga e poderosa que \u00e9 a DAN\u00c7A, <\/span><span style=\"font-weight: 400;\">o simples FLUIR do corpo, o MOVIMENTO, o DESPERTAR p\u00e9lvico, nos levando \u00e0 novas percep\u00e7\u00f5es sobre n\u00f3s mesmas, sobre nosso SENTIR.<\/span><\/p><p><span style=\"font-weight: 400;\">Atrav\u00e9s deste auto estudo corporal nos reconectamos com o nosso eu mais selvagem, primitivo, ainda cru, sem bloqueios, totalmente nu.\u00a0<\/span><\/p><p><span style=\"font-weight: 400;\">Atrav\u00e9s de cada movimento, estamos permitindo ao nosso corpo e \u00e0 nossa mente liberar traumas j\u00e1 h\u00e1 muito tempo enraizados, emo\u00e7\u00f5es reprimidas, medos e dores que nos impedem de fluir com a vida.<\/span><\/p><p><span style=\"font-weight: 400;\">Vamos juntas abrir espa\u00e7o para o NOVO, para que uma nova vers\u00e3o de n\u00f3s mesmas possa BROTAR e DESABROCHAR dentro de n\u00f3s.<\/span><\/p>\t\t\t\t\t\t<\/div>\n\t\t\t\t<\/div>\n\t\t\t\t<div class=\"elementor-element elementor-element-ed95464 elementor-widget elementor-widget-button\" data-id=\"ed95464\" data-element_type=\"widget\" data-widget_type=\"button.default\">\n\t\t\t\t<div class=\"elementor-widget-container\">\n\t\t\t\t\t<div class=\"elementor-button-wrapper\">\n\t\t\t<a class=\"elementor-button elementor-button-link elementor-size-sm\" href=\"https:\/\/almaalquimica.com\/index.php\/laboratorio-corporal-corpo-em-reza\/\">\n\t\t\t\t\t\t<span class=\"elementor-button-content-wrapper\">\n\t\t\t\t\t\t\t\t\t<span class=\"elementor-button-text\">Saiba Mais<\/span>\n\t\t\t\t\t<\/span>\n\t\t\t\t\t<\/a>\n\t\t<\/div>\n\t\t\t\t<\/div>\n\t\t\t\t<\/div>\n\t\t\t\t<\/div>\n\t\t<div class=\"elementor-element elementor-element-288e04c e-con-full e-flex e-con e-child\" data-id=\"288e04c\" data-element_type=\"container\" data-settings=\"{&quot;background_background&quot;:&quot;classic&quot;}\">\n\t\t\t\t<div class=\"elementor-element elementor-element-583646e elementor-widget elementor-widget-image\" data-id=\"583646e\" data-element_type=\"widget\" data-widget_type=\"image.default\">\n\t\t\t\t<div class=\"elementor-widget-container\">\n\t\t\t\t\t\t\t\t\t\t\t\t\t<img decoding=\"async\" width=\"684\" height=\"1024\" src=\"https:\/\/almaalquimica.com\/wp-content\/uploads\/2024\/09\/Copia-de-Copia-de-link-Story-e1726060992759-684x1024.png\" class=\"attachment-large size-large wp-image-798\" alt=\"\" srcset=\"https:\/\/almaalquimica.com\/wp-content\/uploads\/2024\/09\/Copia-de-Copia-de-link-Story-e1726060992759-684x1024.png 684w, https:\/\/almaalquimica.com\/wp-content\/uploads\/2024\/09\/Copia-de-Copia-de-link-Story-e1726060992759-200x300.png 200w, https:\/\/almaalquimica.com\/wp-content\/uploads\/2024\/09\/Copia-de-Copia-de-link-Story-e1726060992759-768x1149.png 768w, https:\/\/almaalquimica.com\/wp-content\/uploads\/2024\/09\/Copia-de-Copia-de-link-Story-e1726060992759-1027x1536.png 1027w, https:\/\/almaalquimica.com\/wp-content\/uploads\/2024\/09\/Copia-de-Copia-de-link-Story-e1726060992759-600x898.png 600w, https:\/\/almaalquimica.com\/wp-content\/uploads\/2024\/09\/Copia-de-Copia-de-link-Story-e1726060992759.png 1080w\" sizes=\"(max-width: 684px) 100vw, 684px\" \/>\t\t\t\t\t\t\t\t\t\t\t\t\t<\/div>\n\t\t\t\t<\/div>\n\t\t\t\t<\/div>\n\t\t\t\t<\/div>\n\t\t<div class=\"elementor-element elementor-element-46b62d8 e-con-full e-flex e-con e-parent\" data-id=\"46b62d8\" data-element_type=\"container\">\n\t\t<div class=\"elementor-element elementor-element-b5a9353 e-con-full e-flex e-con e-child\" data-id=\"b5a9353\" data-element_type=\"container\" data-settings=\"{&quot;background_background&quot;:&quot;classic&quot;}\">\n\t\t\t\t<\/div>\n\t\t<div class=\"elementor-element elementor-element-e1a4642 e-con-full e-flex e-con e-child\" data-id=\"e1a4642\" data-element_type=\"container\">\n\t\t\t\t<div class=\"elementor-element elementor-element-d962ad1 elementor-widget elementor-widget-heading\" data-id=\"d962ad1\" data-element_type=\"widget\" data-widget_type=\"heading.default\">\n\t\t\t\t<div class=\"elementor-widget-container\">\n\t\t\t<h6 class=\"elementor-heading-title elementor-size-default\">SOBRE A FACILITADORA<\/h6>\t\t<\/div>\n\t\t\t\t<\/div>\n\t\t\t\t<div class=\"elementor-element elementor-element-8a19096 elementor-widget elementor-widget-heading\" data-id=\"8a19096\" data-element_type=\"widget\" data-widget_type=\"heading.default\">\n\t\t\t\t<div class=\"elementor-widget-container\">\n\t\t\t<h6 class=\"elementor-heading-title elementor-size-default\">Paula Pereira<\/h6>\t\t<\/div>\n\t\t\t\t<\/div>\n\t\t\t\t<div class=\"elementor-element elementor-element-2a811ef elementor-invisible elementor-widget elementor-widget-text-editor\" data-id=\"2a811ef\" data-element_type=\"widget\" data-settings=\"{&quot;_animation&quot;:&quot;fadeIn&quot;,&quot;_animation_delay&quot;:400}\" data-widget_type=\"text-editor.default\">\n\t\t\t\t<div class=\"elementor-widget-container\">\n\t\t\t\t\t\t\t<p>Paula Pereira \u00e9 MULHER, M\u00c3E, e vem se dedicando h\u00e1 mais de 10 anos ao caminho do autoconhecimento atrav\u00e9s do seu servir, trabalhando com diversas terapias.<\/p><p><br \/>&#8220;A maternidade chegou de forma avassaladora em minha vida, muitas mortes e renascimentos, e com isso, um chamado grande pra reestruturar o meu servir.&#8221;<\/p><p><br \/>Assim, nasceu o Corpo em Reza, um trabalho voltado pro estudo do nosso CORPO atrav\u00e9s da DAN\u00c7A, nos guiando a nos reconectar com o PRAZER, a nossa SEXUALIDADE e SENSUALIDADE. <br \/>Unindo tamb\u00e9m saberes e medicinas ancestrais auxiliando nesse mergulho corpo a dentro.<\/p>\t\t\t\t\t\t<\/div>\n\t\t\t\t<\/div>\n\t\t\t\t<div class=\"elementor-element elementor-element-8d02129 elementor-mobile-align-center elementor-widget elementor-widget-button\" data-id=\"8d02129\" data-element_type=\"widget\" data-widget_type=\"button.default\">\n\t\t\t\t<div class=\"elementor-widget-container\">\n\t\t\t\t\t<div class=\"elementor-button-wrapper\">\n\t\t\t<a class=\"elementor-button elementor-button-link elementor-size-sm\" href=\"https:\/\/wa.me\/5573999713958?text=Oi%20Paula!%20Gostaria%20de%20mais%20informa%C3%A7%C3%B5es%20sobre%20o%20Laboratorio%20Corporal%20do%20Corpo%20em%20Reza\">\n\t\t\t\t\t\t<span class=\"elementor-button-content-wrapper\">\n\t\t\t\t\t\t\t\t\t<span class=\"elementor-button-text\">Saiba Mais<\/span>\n\t\t\t\t\t<\/span>\n\t\t\t\t\t<\/a>\n\t\t<\/div>\n\t\t\t\t<\/div>\n\t\t\t\t<\/div>\n\t\t\t\t<\/div>\n\t\t\t\t<\/div>\n\t\t<div class=\"elementor-element elementor-element-3c5661f e-flex e-con-boxed e-con e-parent\" data-id=\"3c5661f\" data-element_type=\"container\">\n\t\t\t\t\t<div class=\"e-con-inner\">\n\t\t\t\t<div class=\"elementor-element elementor-element-4126750 elementor-widget elementor-widget-heading\" data-id=\"4126750\" data-element_type=\"widget\" data-widget_type=\"heading.default\">\n\t\t\t\t<div class=\"elementor-widget-container\">\n\t\t\t<h2 class=\"elementor-heading-title elementor-size-default\">\ud81a\udd13<\/h2>\t\t<\/div>\n\t\t\t\t<\/div>\n\t\t\t\t\t<\/div>\n\t\t\t\t<\/div>\n\t\t\t\t<\/div>\n\t\t","protected":false},"excerpt":{"rendered":"<p>Um Manifesto de nossos corpos Corpo em Reza O Corpo em Reza \u00e9 um manifesto de nossos corpos e nossas inten\u00e7\u00f5es, no retorno ao prazer, \u00e0 sexualidade, ao gozo, ao desfrute da vida! O Corpo em Reza nasce pra invocar nossa for\u00e7a selvagem, feminina, sagrada, nossa puls\u00e3o de vida, nossa vitalidade!\u00a0 O Corpo em Reza [&hellip;]<\/p>\n","protected":false},"author":1,"featured_media":375,"parent":0,"menu_order":0,"comment_status":"closed","ping_status":"closed","template":"elementor_header_footer","meta":{"_eb_attr":"","footnotes":""},"_links":{"self":[{"href":"https:\/\/almaalquimica.com\/index.php\/wp-json\/wp\/v2\/pages\/784"}],"collection":[{"href":"https:\/\/almaalquimica.com\/index.php\/wp-json\/wp\/v2\/pages"}],"about":[{"href":"https:\/\/almaalquimica.com\/index.php\/wp-json\/wp\/v2\/types\/page"}],"author":[{"embeddable":true,"href":"https:\/\/almaalquimica.com\/index.php\/wp-json\/wp\/v2\/users\/1"}],"replies":[{"embeddable":true,"href":"https:\/\/almaalquimica.com\/index.php\/wp-json\/wp\/v2\/comments?post=784"}],"version-history":[{"count":34,"href":"https:\/\/almaalquimica.com\/index.php\/wp-json\/wp\/v2\/pages\/784\/revisions"}],"predecessor-version":[{"id":862,"href":"https:\/\/almaalquimica.com\/index.php\/wp-json\/wp\/v2\/pages\/784\/revisions\/862"}],"wp:featuredmedia":[{"embeddable":true,"href":"https:\/\/almaalquimica.com\/index.php\/wp-json\/wp\/v2\/media\/375"}],"wp:attachment":[{"href":"https:\/\/almaalquimica.com\/index.php\/wp-json\/wp\/v2\/media?parent=784"}],"curies":[{"name":"wp","href":"https:\/\/api.w.org\/{rel}","templated":true}]}}